{"id":5820,"date":"2023-07-21T01:09:56","date_gmt":"2023-07-21T00:09:56","guid":{"rendered":"https:\/\/www.pcosglobal.com\/?page_id=5820"},"modified":"2023-10-25T20:23:42","modified_gmt":"2023-10-25T19:23:42","slug":"what-is-polycystic-ovary-syndrome-pcos","status":"publish","type":"page","link":"https:\/\/www.pcosglobal.com\/fr\/patients\/what-is-polycystic-ovary-syndrome-pcos\/","title":{"rendered":"QU&#039;EST-CE QUE LE SYNDROME DES OVAIRES POLYCYSTIQUES (SOPK)\u00a0?"},"content":{"rendered":"<div data-elementor-type=\"wp-page\" data-elementor-id=\"5820\" class=\"elementor elementor-5820\">\n\t\t\t\t\t\t<section class=\"elementor-section elementor-top-section elementor-element elementor-element-57df4d92 elementor-section-boxed elementor-section-height-default elementor-section-height-default\" data-id=\"57df4d92\" data-element_type=\"section\" data-e-type=\"section\">\n\t\t\t\t\t\t<div class=\"elementor-container elementor-column-gap-default\">\n\t\t\t\t\t<div class=\"elementor-column elementor-col-100 elementor-top-column elementor-element elementor-element-14782b36\" data-id=\"14782b36\" data-element_type=\"column\" data-e-type=\"column\">\n\t\t\t<div class=\"elementor-widget-wrap elementor-element-populated\">\n\t\t\t\t\t\t<div class=\"elementor-element elementor-element-5acd44f0 elementor-widget elementor-widget-text-editor\" data-id=\"5acd44f0\" data-element_type=\"widget\" data-e-type=\"widget\" data-widget_type=\"text-editor.default\">\n\t\t\t\t<div class=\"elementor-widget-container\">\n\t\t\t\t\t\t\t\t\t<h3>Le SOPK est un trouble tr\u00e8s fr\u00e9quent, affectant au moins un femmes sur dix dans le monde entier.<\/h3>\r\n<img fetchpriority=\"high\" decoding=\"async\" class=\"alignright wp-image-5651\" src=\"https:\/\/www.pcosglobal.com\/wp-content\/uploads\/2023\/07\/group.jpg\" alt=\"\" width=\"371\" height=\"325\" \/>Le nom \u00ab SOPK \u00bb a \u00e9t\u00e9 invent\u00e9 par deux m\u00e9decins, Irving Stein et Michael Leventhal, en 1935. Ils ont examin\u00e9 un certain nombre de femmes qui se plaignaient de saignements menstruels irr\u00e9guliers, de difficult\u00e9s \u00e0 tomber enceinte et d&#039;une croissance accrue des poils. Les ovaires polykystiques d\u00e9crivent des ovaires qui pr\u00e9sentent plusieurs petits kystes. Ces kystes sont des follicules qui ne se sont pas suffisamment d\u00e9velopp\u00e9s pour lib\u00e9rer un ovule en raison d\u2019anomalies hormonales. Le terme \u00ab SOPK \u00bb est largement utilis\u00e9 mais trompeur, car il semble sugg\u00e9rer que le SOPK est une maladie caus\u00e9e par un probl\u00e8me au niveau des ovaires. Cependant, en r\u00e9alit\u00e9, les femmes atteintes du SOPK subissent des changements dans leurs hormones, notamment un exc\u00e8s d\u2019insuline (r\u00e9sistance \u00e0 l\u2019insuline) et d\u2019hormones m\u00e2les (androg\u00e8nes) affectant les ovaires et non l\u2019inverse. Chaque fille na\u00eet avec des millions de minuscules follicules dans les ovaires. Les follicules sont des sacs remplis de liquide dans lesquels les ovules peuvent se d\u00e9velopper pendant les ann\u00e9es fertiles de la vie d&#039;une femme. Chaque mois, un (ou parfois deux) follicule lib\u00e8re un ovule. L\u2019ovule, lorsqu\u2019il est f\u00e9cond\u00e9 avec du sperme, peut entra\u00eener une grossesse. Cette lib\u00e9ration mensuelle d\u2019un ovule par les ovaires est appel\u00e9e \u00ab ovulation \u00bb. Apr\u00e8s l&#039;ovulation, les cellules folliculaires produisent une hormone appel\u00e9e progest\u00e9rone qui pr\u00e9pare la paroi interne de l&#039;ut\u00e9rus \u00e0 la grossesse. Cependant, si l\u2019ovule n\u2019est pas f\u00e9cond\u00e9, les niveaux de progest\u00e9rone chutent et la muqueuse interne de l\u2019ut\u00e9rus est \u00e9limin\u00e9e, provoquant les saignements menstruels ou \u00ab menstruations \u00bb.\r\n\r\n<img decoding=\"async\" class=\"alignright wp-image-5650\" src=\"https:\/\/www.pcosglobal.com\/wp-content\/uploads\/2023\/07\/cycle.jpg\" alt=\"\" width=\"376\" height=\"358\" srcset=\"https:\/\/www.pcosglobal.com\/wp-content\/uploads\/2023\/07\/cycle.jpg 835w, https:\/\/www.pcosglobal.com\/wp-content\/uploads\/2023\/07\/cycle-300x285.jpg 300w, https:\/\/www.pcosglobal.com\/wp-content\/uploads\/2023\/07\/cycle-768x730.jpg 768w, https:\/\/www.pcosglobal.com\/wp-content\/uploads\/2023\/07\/cycle-13x12.jpg 13w, https:\/\/www.pcosglobal.com\/wp-content\/uploads\/2023\/07\/cycle-600x571.jpg 600w, https:\/\/www.pcosglobal.com\/wp-content\/uploads\/2023\/07\/cycle-560x533.jpg 560w\" sizes=\"(max-width: 376px) 100vw, 376px\" \/>\r\n\r\nLes femmes atteintes du SOPK ont g\u00e9n\u00e9ralement des taux plus \u00e9lev\u00e9s d\u2019hormones m\u00e2les (\u00ab androg\u00e8nes \u00bb) dans leur sang, mais \u00e0 des taux beaucoup plus faibles que chez les hommes. Un exc\u00e8s d\u2019hormones m\u00e2les (\u00ab exc\u00e8s d\u2019androg\u00e8nes \u00bb) peut provoquer des probl\u00e8mes de peau, notamment une peau grasse et de l\u2019acn\u00e9, une croissance accrue des poils fonc\u00e9s et r\u00eaches sur le corps, appel\u00e9s \u00ab hirsutisme \u00bb, ou encore une perte de poils du cuir chevelu (\u00ab alop\u00e9cie \u00bb). . Les hormones m\u00e2les sont \u00e9galement importantes pour les premiers stades du d\u00e9veloppement des \u0153ufs. Dans le SOPK, les niveaux d\u2019hormones m\u00e2les augmentent, ce qui pousse davantage de follicules ovariens \u00e0 se d\u00e9velopper vers l\u2019\u00e9tape de lib\u00e9ration des ovules. Cependant, une trop grande quantit\u00e9 d\u2019hormones m\u00e2les bloque les derni\u00e8res \u00e9tapes du d\u00e9veloppement des ovules. Chez les femmes atteintes du SOPK, les ovaires ne lib\u00e8rent un ovule que de mani\u00e8re irr\u00e9guli\u00e8re, voire pas du tout, ce qu&#039;on appelle \u00ab l&#039;anovulation \u00bb. Si le m\u00e9decin examine les ovaires d\u2019une femme atteinte du SOPK par \u00e9chographie, il semble souvent qu\u2019il y ait de nombreux petits \u00ab kystes \u00bb dans les ovaires. Or, il s\u2019agit en fait de follicules immatures, conduisant \u00e0 l\u2019apparition d\u2019\u00ab ovaires polykystiques \u00bb \u00e0 l\u2019\u00e9chographie.\r\n<h3>Comment est-SOP-il diagnostiqu\u00e9?<\/h3>\r\nUn diagnostic de syndrome des ovaires polykystiques peut \u00eatre fait quand vous avez tous deux des \u00e9l\u00e9ments suivants:\r\n<ul>\r\n \t<li>Irr\u00e9guli\u00e8re, rares ou absents p\u00e9riodes.<\/li>\r\n \t<li>L&#039;exc\u00e8s du visage et\/ou des poils et\/ou des analyses de sang r\u00e9v\u00e9lant l&#039;exc\u00e8s des niveaux d&#039;hormones m\u00e2les (androg\u00e8nes).<\/li>\r\n \t<li>Une \u00e9chographie transvaginale r\u00e9v\u00e9lant au moins 20 follicules de mesure de 2 \u00e0 9 millim\u00e8tres de diam\u00e8tre et\/ou un ensemble a augment\u00e9 le volume de l&#039;ovaire (de plus de 10 millilitres).<\/li>\r\n<\/ul>\r\nLes sympt\u00f4mes du SOPK sont tr\u00e8s variables d&#039;une femme \u00e0 l&#039;autre. Avant de poser un diagnostic de syndrome des ovaires polykystiques est faite, le m\u00e9decin sera aussi g\u00e9n\u00e9ralement <strong>exclure d&#039;autres conditions qui pourraient causer des signes et sympt\u00f4mes similaires<\/strong>qui comprend des conditions qui affectent la fonction de produire des hormones des glandes (ovaires, les glandes surr\u00e9nales, de la thyro\u00efde et de l&#039;hypophyse). Cela se fait g\u00e9n\u00e9ralement par une combinaison de l&#039;examen clinique et des tests sanguins.\r\n<h3>Quelles sont les cons\u00e9quences de SOPK?<\/h3>\r\n<strong>SOPK affecte la fonction des ovaires<\/strong>comme d\u00e9crit ci-dessus, conduisant \u00e0 <strong>des p\u00e9riodes irr\u00e9guli\u00e8res<\/strong>. De plus, s\u2019il y a peu ou pas de saignements menstruels, la paroi interne de l\u2019ut\u00e9rus n\u2019est pas r\u00e9guli\u00e8rement \u00e9limin\u00e9e, ce qui peut entra\u00eener un risque accru de cancer de l\u2019ut\u00e9rus (cancer de l\u2019endom\u00e8tre) \u00e0 l\u2019avenir. Il est donc recommand\u00e9 que les femmes atteintes du SOPK aient leurs r\u00e8gles au moins tous les trois mois et que si cela ne se produit pas spontan\u00e9ment, des m\u00e9dicaments puissent \u00eatre administr\u00e9s. Des saignements irr\u00e9guliers indiquent une lib\u00e9ration irr\u00e9guli\u00e8re ou absente des \u0153ufs. Cela peut provoquer <strong>les probl\u00e8mes \u00e0 tomber enceinte<\/strong>. Cela peut \u00eatre trait\u00e9e par un endocrinologue (=hormone de m\u00e9decin sp\u00e9cialiste) et un gyn\u00e9cologue (women&#039;s health m\u00e9decin sp\u00e9cialiste).\r\n\r\n<strong>L&#039;augmentation de l&#039;hormone m\u00e2le niveaux dans le SOPK peut affecter la peau, causant l&#039;acn\u00e9, augmentation du visage et\/ou corps de la croissance des cheveux et, chez certaines femmes, la perte de cheveux sur le cuir chevelu<\/strong>. Il est pr\u00e9f\u00e9rable de traiter ces probl\u00e8mes par un endocrinologue (m\u00e9decin sp\u00e9cialiste des hormones) en consultation avec un dermatologue (m\u00e9decin sp\u00e9cialiste de la peau). Chez de nombreuses femmes, le SOPK est associ\u00e9 \u00e0 une prise de poids et \u00e0 des difficult\u00e9s \u00e0 perdre du poids, ce qui peut aggraver d&#039;autres sympt\u00f4mes du SOPK. Cela peut provoquer une r\u00e9sistance \u00e0 l\u2019insuline, lorsque le corps ne r\u00e9pond plus aux niveaux normaux d\u2019insuline, l\u2019hormone r\u00e9gulatrice du sucre. Cela entra\u00eene une augmentation des niveaux d\u2019insuline, qui \u00e0 leur tour augmentent les niveaux d\u2019hormones m\u00e2les. Cependant, certaines femmes atteintes du SOPK ont un poids corporel normal (\u00ab maigre SOPK \u00bb) mais souffrent toujours de fertilit\u00e9 et d\u2019un exc\u00e8s de pilosit\u00e9 d\u00fb \u00e0 un exc\u00e8s d\u2019hormones m\u00e2les. Chez les femmes en surpoids ou ob\u00e8ses, la perte de poids am\u00e9liore g\u00e9n\u00e9ralement les sympt\u00f4mes du SOPK, car la perte de poids abaisse les niveaux d&#039;insuline et d&#039;hormones m\u00e2les. Ce probl\u00e8me peut \u00eatre mieux r\u00e9solu par une \u00e9quipe poss\u00e9dant les comp\u00e9tences n\u00e9cessaires \u00e0 la gestion du poids et du diab\u00e8te, comprenant un endocrinologue sp\u00e9cialis\u00e9 (m\u00e9decin sp\u00e9cialiste des hormones), un di\u00e9t\u00e9tiste expert qui peut donner des conseils sur les r\u00e9gimes alimentaires et la nutrition et, occasionnellement, un psychologue. Il a \u00e9t\u00e9 d\u00e9montr\u00e9 que les femmes atteintes du SOPK pr\u00e9sentent un risque accru de diab\u00e8te de type 2, d&#039;hypertension art\u00e9rielle, d&#039;exc\u00e8s de graisse dans le foie, d&#039;apn\u00e9e obstructive du sommeil (une condition d&#039;\u00e9pisodes r\u00e9p\u00e9t\u00e9s d&#039;apn\u00e9e pendant le sommeil) et peut-\u00eatre aussi de maladie cardiaque. Le risque m\u00e9tabolique augmente avec le poids corporel mais aussi avec la gravit\u00e9 de l&#039;exc\u00e8s d&#039;androg\u00e8nes. Le SOPK est d\u00e9sormais consid\u00e9r\u00e9 comme un trouble m\u00e9tabolique permanent plut\u00f4t que comme une maladie qui touche uniquement les femmes en \u00e2ge de procr\u00e9er.\r\n\r\n<img decoding=\"async\" class=\"aligncenter size-full wp-image-5652\" src=\"https:\/\/www.pcosglobal.com\/wp-content\/uploads\/2023\/07\/lifes-journey.jpg\" alt=\"\" width=\"1566\" height=\"507\" srcset=\"https:\/\/www.pcosglobal.com\/wp-content\/uploads\/2023\/07\/lifes-journey.jpg 1566w, https:\/\/www.pcosglobal.com\/wp-content\/uploads\/2023\/07\/lifes-journey-300x97.jpg 300w, https:\/\/www.pcosglobal.com\/wp-content\/uploads\/2023\/07\/lifes-journey-1024x332.jpg 1024w, https:\/\/www.pcosglobal.com\/wp-content\/uploads\/2023\/07\/lifes-journey-768x249.jpg 768w, https:\/\/www.pcosglobal.com\/wp-content\/uploads\/2023\/07\/lifes-journey-1536x497.jpg 1536w, https:\/\/www.pcosglobal.com\/wp-content\/uploads\/2023\/07\/lifes-journey-18x6.jpg 18w, https:\/\/www.pcosglobal.com\/wp-content\/uploads\/2023\/07\/lifes-journey-600x194.jpg 600w, https:\/\/www.pcosglobal.com\/wp-content\/uploads\/2023\/07\/lifes-journey-560x181.jpg 560w\" sizes=\"(max-width: 1566px) 100vw, 1566px\" \/>\r\n\r\nLes femmes atteintes de SOPK aussi souvent se sentir faible en \u00e9nergie, se sentir anxieux et d\u00e9prim\u00e9, et ayant une alt\u00e9ration de l&#039;image corporelle. Counseling et d&#039;autres th\u00e9rapies psychologiques peuvent vous aider avec ces sympt\u00f4mes.\r\n<h3>Quelle est la cause de SOPK?<\/h3>\r\nLe SOPK est souvent h\u00e9r\u00e9ditaire, ce qui signifie que la fille d&#039;une femme atteinte du SOPK court un risque plus \u00e9lev\u00e9 de d\u00e9velopper elle-m\u00eame le SOPK. Cependant, l\u2019examen des informations g\u00e9n\u00e9tiques des femmes atteintes du SOPK dans le cadre de plusieurs grandes \u00e9tudes n\u2019a pas permis d\u2019identifier un \u00ab g\u00e8ne du SOPK \u00bb sp\u00e9cifique que l\u2019on pourrait tester. De nombreuses femmes atteintes du SOPK sont r\u00e9sistantes \u00e0 l\u2019action de l\u2019insuline, une hormone r\u00e9gulatrice du sucre dans leur corps (\u00ab r\u00e9sistance \u00e0 l\u2019insuline \u00bb), produisant des niveaux d\u2019insuline plus \u00e9lev\u00e9s pour surmonter ce probl\u00e8me. La r\u00e9sistance \u00e0 l&#039;insuline est \u00e9galement due \u00e0 l&#039;ob\u00e9sit\u00e9, mais elle est \u00e9galement r\u00e9guli\u00e8rement observ\u00e9e chez les femmes atteintes du SOPK, qui ont un poids corporel normal. Il a \u00e9t\u00e9 d\u00e9montr\u00e9 que la r\u00e9sistance \u00e0 l\u2019insuline augmente les niveaux d\u2019hormones m\u00e2les et qu\u2019un exc\u00e8s d\u2019androg\u00e8nes augmente la r\u00e9sistance \u00e0 l\u2019insuline. Il semble que l\u2019exc\u00e8s d\u2019androg\u00e8nes et la r\u00e9sistance \u00e0 l\u2019insuline soient li\u00e9s dans un \u00ab cercle vicieux \u00bb pour les personnes atteintes du SOPK. La r\u00e9sistance \u00e0 l\u2019insuline et l\u2019augmentation des taux d\u2019hormones m\u00e2les peuvent augmenter le risque de d\u00e9velopper un diab\u00e8te de type 2. La recherche examine actuellement le lien entre l\u2019exc\u00e8s d\u2019androg\u00e8nes et la r\u00e9sistance \u00e0 l\u2019insuline. Les premi\u00e8res preuves sugg\u00e8rent que le fait d\u2019avoir l\u2019un augmente la probabilit\u00e9 d\u2019avoir l\u2019autre et que traiter l\u2019un ou l\u2019autre peut aider \u00e0 traiter l\u2019autre. Mieux comprendre la fa\u00e7on dont les androg\u00e8nes et l&#039;insuline sont li\u00e9s dans le SOPK aidera, esp\u00e9rons-le, \u00e0 identifier les femmes atteintes du SOPK qui courent le plus grand risque de d\u00e9velopper des complications m\u00e9taboliques. Nous esp\u00e9rons \u00e9galement que cette recherche contribuera \u00e0 d\u00e9velopper de nouvelles th\u00e9rapies pour le traitement du SOPK et la pr\u00e9vention de ses complications. Veuillez nous poser des questions sur nos recherches en cours sur le SOPK. Les femmes atteintes du SOPK et leurs enfants ont la possibilit\u00e9 de participer \u00e0 un certain nombre d&#039;\u00e9tudes men\u00e9es ici \u00e0 Birmingham.\r\n<h3>Le SOPK est pas mal!<\/h3>\r\nNous savons maintenant que <strong>Le SOPK est une vie trouble m\u00e9tabolique et que les femmes atteintes de SOPK ont besoin de l&#039;attention par leur m\u00e9decin g\u00e9n\u00e9raliste tout au long de la vie, et pas seulement pendant les ann\u00e9es de procr\u00e9ation<\/strong>. L&#039;\u00e9tablissement de soins de concepts pour les femmes atteintes de SOPK sera tr\u00e8s probablement pour effet de r\u00e9duire leur fardeau de la maladie et \u00e9galement de pr\u00e9venir le d\u00e9veloppement de complications m\u00e9taboliques. SOPK affecte les femmes de toutes origines ethniques et tandis que la fr\u00e9quence de SOPK n&#039;a pas \u00e9t\u00e9 examin\u00e9e dans tous les pays, il est de plus en plus clair que <strong>les femmes Sud-Asiatique ou Africaine arri\u00e8re-plan peuvent \u00eatre \u00e0 un risque plus \u00e9lev\u00e9 de syndrome des ovaires polykystiques<\/strong>. Ceci est similaire au risque plus \u00e9lev\u00e9 bien connu de diab\u00e8te de type 2 chez les personnes d\u2019origine ethnique sud-asiatique. On pense que cela est d\u00fb au fait que les habitants de ces r\u00e9gions ont d\u00fb faire face \u00e0 une p\u00e9nurie de nourriture pendant de nombreux si\u00e8cles, ce qui a conduit \u00e0 la s\u00e9lection d&#039;individus capables de survivre avec tr\u00e8s peu de nourriture. Le SOPK affecte les femmes de toutes origines ethniques et, bien que la fr\u00e9quence du SOPK n&#039;ait pas \u00e9t\u00e9 examin\u00e9e dans tous les pays, il est de plus en plus clair que les femmes d&#039;origine sud-asiatique ou africaine peuvent courir un risque plus \u00e9lev\u00e9 de souffrir du SOPK. Ceci est similaire au risque plus \u00e9lev\u00e9 bien connu de diab\u00e8te de type 2 chez les personnes d\u2019origine ethnique sud-asiatique. On pense que cela est d\u00fb au fait que les habitants de ces r\u00e9gions ont d\u00fb faire face \u00e0 une p\u00e9nurie de nourriture pendant de nombreux si\u00e8cles, ce qui a conduit \u00e0 la s\u00e9lection d&#039;individus capables de survivre avec tr\u00e8s peu de nourriture. Le SOPK affecte les femmes de toutes origines ethniques et, bien que la fr\u00e9quence du SOPK n&#039;ait pas \u00e9t\u00e9 examin\u00e9e dans tous les pays, il est de plus en plus clair que les femmes d&#039;origine sud-asiatique ou africaine peuvent courir un risque plus \u00e9lev\u00e9 de souffrir du SOPK. Ceci est similaire au risque plus \u00e9lev\u00e9 bien connu de diab\u00e8te de type 2 chez les personnes d\u2019origine ethnique sud-asiatique. On pense que cela est d\u00fb au fait que les habitants de ces r\u00e9gions ont d\u00fb faire face \u00e0 une p\u00e9nurie de nourriture pendant de nombreux si\u00e8cles, ce qui a conduit \u00e0 la s\u00e9lection d&#039;individus capables de survivre avec tr\u00e8s peu de nourriture.\r\n\r\n&nbsp;\t\t\t\t\t\t\t\t<\/div>\n\t\t\t\t<\/div>\n\t\t\t\t<div class=\"elementor-element elementor-element-7fb45cb elementor-widget elementor-widget-ova_menu_page\" data-id=\"7fb45cb\" data-element_type=\"widget\" data-e-type=\"widget\" data-widget_type=\"ova_menu_page.default\">\n\t\t\t\t<div class=\"elementor-widget-container\">\n\t\t\t\t\t\t\t<div class=\"ova_menu_page type2\" data-position_active=\"\">\n\t\t\t<ul id=\"menu-patients\" class=\"menu\"><li id=\"menu-item-6315\" class=\"menu-item menu-item-type-post_type menu-item-object-page menu-item-6315\"><a href=\"https:\/\/www.pcosglobal.com\/fr\/patients\/what-is-polycystic-ovary-syndrome-pcos\/\">QU&#039;EST-CE QUE LE SYNDROME DES OVAIRES POLYCYSTIQUES (SOPK)\u00a0?<\/a><\/li>\n<li id=\"menu-item-6308\" class=\"menu-item menu-item-type-post_type menu-item-object-page menu-item-6308\"><a href=\"https:\/\/www.pcosglobal.com\/fr\/patients\/diagnosis\/\">DIAGNOSTIC<\/a><\/li>\n<li id=\"menu-item-6314\" class=\"menu-item menu-item-type-post_type menu-item-object-page menu-item-6314\"><a href=\"https:\/\/www.pcosglobal.com\/fr\/patients\/pcos-symptoms\/\">LES SYMPT\u00d4MES DU SOPK<\/a><\/li>\n<li id=\"menu-item-6312\" class=\"menu-item menu-item-type-post_type menu-item-object-page menu-item-6312\"><a href=\"https:\/\/www.pcosglobal.com\/fr\/patients\/pcos-and-menstrual-problems\/\">SOPK ET PROBL\u00c8MES MENSTRUELS<\/a><\/li>\n<li id=\"menu-item-6313\" class=\"menu-item menu-item-type-post_type menu-item-object-page menu-item-6313\"><a href=\"https:\/\/www.pcosglobal.com\/fr\/patients\/pcos-skin-problems\/\">SOPK ET PROBL\u00c8MES DE PEAU<\/a><\/li>\n<li id=\"menu-item-6310\" class=\"menu-item menu-item-type-post_type menu-item-object-page menu-item-6310\"><a href=\"https:\/\/www.pcosglobal.com\/fr\/patients\/pcos-and-body-weight\/\">SOPK ET POIDS CORPOREL<\/a><\/li>\n<li id=\"menu-item-6311\" class=\"menu-item menu-item-type-post_type menu-item-object-page menu-item-6311\"><a href=\"https:\/\/www.pcosglobal.com\/fr\/patients\/pcos-and-fertility\/\">SOPK ET FERTILIT\u00c9<\/a><\/li>\n<li id=\"menu-item-6309\" class=\"menu-item menu-item-type-post_type menu-item-object-page menu-item-6309\"><a href=\"https:\/\/www.pcosglobal.com\/fr\/patients\/health-complications-and-associations\/\">COMPLICATIONS ET ASSOCIATIONS DE SANT\u00c9<\/a><\/li>\n<\/ul>\t\t<\/div>\n\t\t\t\t\t\t<\/div>\n\t\t\t\t<\/div>\n\t\t\t\t\t<\/div>\n\t\t<\/div>\n\t\t\t\t\t<\/div>\n\t\t<\/section>\n\t\t\t\t<\/div>","protected":false},"excerpt":{"rendered":"<p>PCOS is a very common condition, affecting at least one out of every ten women worldwide. The name \u201cPCOS\u201d was coined by two doctors, Irving Stein and Michael Leventhal, in 1935. They examined a number of women, who complained about irregular menstrual bleeds, difficulties to get pregnant and increased body hair growth. Polycystic ovaries describe [&hellip;]<\/p>\n","protected":false},"author":1,"featured_media":0,"parent":5842,"menu_order":0,"comment_status":"closed","ping_status":"closed","template":"","meta":{"footnotes":""},"class_list":["post-5820","page","type-page","status-publish","hentry"],"_links":{"self":[{"href":"https:\/\/www.pcosglobal.com\/fr\/wp-json\/wp\/v2\/pages\/5820","targetHints":{"allow":["GET"]}}],"collection":[{"href":"https:\/\/www.pcosglobal.com\/fr\/wp-json\/wp\/v2\/pages"}],"about":[{"href":"https:\/\/www.pcosglobal.com\/fr\/wp-json\/wp\/v2\/types\/page"}],"author":[{"embeddable":true,"href":"https:\/\/www.pcosglobal.com\/fr\/wp-json\/wp\/v2\/users\/1"}],"replies":[{"embeddable":true,"href":"https:\/\/www.pcosglobal.com\/fr\/wp-json\/wp\/v2\/comments?post=5820"}],"version-history":[{"count":14,"href":"https:\/\/www.pcosglobal.com\/fr\/wp-json\/wp\/v2\/pages\/5820\/revisions"}],"predecessor-version":[{"id":6327,"href":"https:\/\/www.pcosglobal.com\/fr\/wp-json\/wp\/v2\/pages\/5820\/revisions\/6327"}],"up":[{"embeddable":true,"href":"https:\/\/www.pcosglobal.com\/fr\/wp-json\/wp\/v2\/pages\/5842"}],"wp:attachment":[{"href":"https:\/\/www.pcosglobal.com\/fr\/wp-json\/wp\/v2\/media?parent=5820"}],"curies":[{"name":"wp","href":"https:\/\/api.w.org\/{rel}","templated":true}]}}