{"id":5820,"date":"2023-07-21T01:09:56","date_gmt":"2023-07-21T00:09:56","guid":{"rendered":"https:\/\/www.pcosglobal.com\/?page_id=5820"},"modified":"2023-10-25T20:23:42","modified_gmt":"2023-10-25T19:23:42","slug":"what-is-polycystic-ovary-syndrome-pcos","status":"publish","type":"page","link":"https:\/\/www.pcosglobal.com\/es\/patients\/what-is-polycystic-ovary-syndrome-pcos\/","title":{"rendered":"\u00bfQU\u00c9 ES EL S\u00cdNDROME DE OVARIO POLIQU\u00cdSTICO (SOP)?"},"content":{"rendered":"<div data-elementor-type=\"wp-page\" data-elementor-id=\"5820\" class=\"elementor elementor-5820\">\n\t\t\t\t\t\t<section class=\"elementor-section elementor-top-section elementor-element elementor-element-57df4d92 elementor-section-boxed elementor-section-height-default elementor-section-height-default\" data-id=\"57df4d92\" data-element_type=\"section\" data-e-type=\"section\">\n\t\t\t\t\t\t<div class=\"elementor-container elementor-column-gap-default\">\n\t\t\t\t\t<div class=\"elementor-column elementor-col-100 elementor-top-column elementor-element elementor-element-14782b36\" data-id=\"14782b36\" data-element_type=\"column\" data-e-type=\"column\">\n\t\t\t<div class=\"elementor-widget-wrap elementor-element-populated\">\n\t\t\t\t\t\t<div class=\"elementor-element elementor-element-5acd44f0 elementor-widget elementor-widget-text-editor\" data-id=\"5acd44f0\" data-element_type=\"widget\" data-e-type=\"widget\" data-widget_type=\"text-editor.default\">\n\t\t\t\t<div class=\"elementor-widget-container\">\n\t\t\t\t\t\t\t\t\t<h3>El SOP es una condici\u00f3n muy com\u00fan, que afecta al menos a una de cada diez mujeres en todo el mundo.<\/h3>\r\n<img fetchpriority=\"high\" decoding=\"async\" class=\"alignright wp-image-5651\" src=\"https:\/\/www.pcosglobal.com\/wp-content\/uploads\/2023\/07\/group.jpg\" alt=\"\" width=\"371\" height=\"325\" \/>El nombre &#034;SOP&#034; fue acu\u00f1ado por dos m\u00e9dicos, Irving Stein y Michael Leventhal, en 1935. Examinaron a varias mujeres que se quejaban de sangrados menstruales irregulares, dificultades para quedar embarazadas y aumento del crecimiento del vello corporal. Los ovarios poliqu\u00edsticos describen ovarios que tienen m\u00faltiples quistes peque\u00f1os. Estos quistes son fol\u00edculos que no se han desarrollado lo suficiente como para liberar un \u00f3vulo debido a anomal\u00edas hormonales. El t\u00e9rmino &#034;SOP&#034; se usa ampliamente pero es enga\u00f1oso, ya que parece sugerir que el SOP es una condici\u00f3n causada por algo mal en los ovarios. Sin embargo, de hecho, las mujeres con SOP tienen cambios en sus hormonas, incluido el exceso de insulina (resistencia a la insulina) y hormonas masculinas (andr\u00f3genos), que afectan a los ovarios y no al rev\u00e9s. Cada ni\u00f1a nace con millones de peque\u00f1os fol\u00edculos en los ovarios. Los fol\u00edculos son sacos llenos de l\u00edquido, en los que se pueden desarrollar \u00f3vulos durante los a\u00f1os f\u00e9rtiles de la vida de una mujer. Cada mes, un fol\u00edculo (o a veces dos) libera un \u00f3vulo. El \u00f3vulo, cuando es fertilizado con esperma, puede dar lugar a un embarazo. Esta liberaci\u00f3n mensual de un \u00f3vulo de los ovarios se llama &#034;ovulaci\u00f3n&#034;. Despu\u00e9s de la ovulaci\u00f3n, las c\u00e9lulas del fol\u00edculo producen una hormona llamada progesterona que prepara el revestimiento interno del \u00fatero para el embarazo. Sin embargo, si el \u00f3vulo no es fertilizado, los niveles de progesterona bajan y el revestimiento interno del \u00fatero se desprende, provocando el sangrado menstrual o \u201cmenstruaci\u00f3n\u201d.\r\n\r\n<img decoding=\"async\" class=\"alignright wp-image-5650\" src=\"https:\/\/www.pcosglobal.com\/wp-content\/uploads\/2023\/07\/cycle.jpg\" alt=\"\" width=\"376\" height=\"358\" srcset=\"https:\/\/www.pcosglobal.com\/wp-content\/uploads\/2023\/07\/cycle.jpg 835w, https:\/\/www.pcosglobal.com\/wp-content\/uploads\/2023\/07\/cycle-300x285.jpg 300w, https:\/\/www.pcosglobal.com\/wp-content\/uploads\/2023\/07\/cycle-768x730.jpg 768w, https:\/\/www.pcosglobal.com\/wp-content\/uploads\/2023\/07\/cycle-13x12.jpg 13w, https:\/\/www.pcosglobal.com\/wp-content\/uploads\/2023\/07\/cycle-600x571.jpg 600w, https:\/\/www.pcosglobal.com\/wp-content\/uploads\/2023\/07\/cycle-560x533.jpg 560w\" sizes=\"(max-width: 376px) 100vw, 376px\" \/>\r\n\r\nLas mujeres con s\u00edndrome de ovario poliqu\u00edstico suelen tener niveles elevados de hormonas masculinas (\u201candr\u00f3genos\u201d) en la sangre, aunque en niveles mucho m\u00e1s bajos que los hombres. Demasiada hormona masculina (\u201cexceso de andr\u00f3genos\u201d) puede causar problemas en la piel, incluida piel grasa y acn\u00e9, aumento del crecimiento de vello oscuro y \u00e1spero en el cuerpo, lo que se denomina \u201chirsutismo\u201d, o tambi\u00e9n p\u00e9rdida del cabello del cuero cabelludo (\u201calopecia\u201d). . Las hormonas masculinas tambi\u00e9n son importantes para las primeras etapas del desarrollo del \u00f3vulo. En el s\u00edndrome de ovario poliqu\u00edstico, los niveles de hormonas masculinas aumentan, lo que hace que se desarrollen m\u00e1s fol\u00edculos ov\u00e1ricos hacia la etapa de liberaci\u00f3n de \u00f3vulos. Sin embargo, demasiada hormona masculina bloquea las \u00faltimas etapas del desarrollo del \u00f3vulo. En las mujeres con s\u00edndrome de ovario poliqu\u00edstico, los ovarios s\u00f3lo liberan un \u00f3vulo de forma irregular o no lo hacen en absoluto, lo que se denomina &#034;anovulaci\u00f3n&#034;. Si el m\u00e9dico examina los ovarios de una mujer con s\u00edndrome de ovario poliqu\u00edstico mediante ultrasonido, a menudo parece que hay muchos &#034;quistes&#034; peque\u00f1os en los ovarios. Sin embargo, en realidad se trata de fol\u00edculos inmaduros, lo que provoca la aparici\u00f3n de \u201covarios poliqu\u00edsticos\u201d en la ecograf\u00eda.\r\n<h3>\u00bfC\u00f3mo se diagnostica el SOP?<\/h3>\r\nUn diagn\u00f3stico de s\u00edndrome de ovario poliqu\u00edstico puede ser hecho cuando usted tiene dos de los siguientes:\r\n<ul>\r\n \t<li>Irregular, poco frecuentes o ausentes per\u00edodos.<\/li>\r\n \t<li>El exceso de la cara y\/o cuerpo del cabello y\/o ex\u00e1menes de sangre que revela los niveles de exceso de hormonas masculinas (andr\u00f3genos).<\/li>\r\n \t<li>Una ecograf\u00eda transvaginal revelando al menos 20 fol\u00edculos de medici\u00f3n de 2 a 9 mm de di\u00e1metro y\/o un aumento general en el ovario de volumen (mayor de 10 mililitros).<\/li>\r\n<\/ul>\r\nLos s\u00edntomas del s\u00edndrome del ovario poliqu\u00edstico son altamente variable de mujer a mujer. Antes de un diagn\u00f3stico de s\u00edndrome de ovario poliqu\u00edstico, el m\u00e9dico tambi\u00e9n se suele <strong>excluir otras condiciones que podr\u00edan causar signos y s\u00edntomas similares<\/strong>, que incluye las condiciones que afectan la funci\u00f3n de las gl\u00e1ndulas que producen hormonas (ovarios, gl\u00e1ndulas suprarrenales, la tiroides y la gl\u00e1ndula pituitaria). Esto se hace generalmente por una combinaci\u00f3n de un examen cl\u00ednico y ex\u00e1menes de sangre.\r\n<h3>\u00bfCu\u00e1les son las consecuencias del s\u00edndrome del ovario poliqu\u00edstico?<\/h3>\r\n<strong>El SOP afecta a la funci\u00f3n de los ovarios<\/strong>como se describi\u00f3 anteriormente , conduce a <strong>per\u00edodos irregulares<\/strong>. Adem\u00e1s, si hay pocos o ning\u00fan sangrado menstrual, el revestimiento interno del \u00fatero no se desprende con regularidad, lo que puede provocar un mayor riesgo de c\u00e1ncer de \u00fatero (c\u00e1ncer de endometrio) en el futuro. Por lo tanto, se recomienda que las mujeres con SOP tengan un sangrado menstrual al menos cada tres meses y que, si esto no sucede de forma espont\u00e1nea, se puedan administrar medicamentos. Los sangrados irregulares indican una liberaci\u00f3n de \u00f3vulos irregular o ausente. Esto puede causar <strong>problemas con quedar embarazada<\/strong>. Esta puede ser la mejor forma de abordar un endocrin\u00f3logo (=hormona especialista m\u00e9dico) y un ginec\u00f3logo (salud de la mujer m\u00e9dico especialista).\r\n\r\n<strong>El aumento de los niveles de hormonas masculinas en el SOP puede afectar a la piel, causando acn\u00e9, aumento de la cara y\/o cuerpo de crecimiento del cabello y, en algunas mujeres, la p\u00e9rdida del cabello en el cuero cabelludo<\/strong>. Estos problemas los aborda mejor un endocrin\u00f3logo (m\u00e9dico especialista en hormonas) en consulta con un dermat\u00f3logo (m\u00e9dico especialista en la piel). En muchas mujeres, el SOP se asocia con aumento de peso y dificultad para perder peso, lo que puede empeorar otros s\u00edntomas del SOP. Esto puede causar resistencia a la insulina, cuando el cuerpo ya no responde a los niveles normales de la hormona insulina, que regula el az\u00facar. Esto conduce a un aumento de los niveles de insulina, lo que a su vez aumenta los niveles de hormonas masculinas. Sin embargo, algunas mujeres con SOP tienen un peso corporal normal (\u201cSOP magro\u201d) pero a\u00fan luchan contra la fertilidad y el exceso de vello corporal provocado por el exceso de hormonas masculinas. En mujeres con sobrepeso u obesidad, la p\u00e9rdida de peso generalmente mejora los s\u00edntomas del s\u00edndrome de ovario poliqu\u00edstico, ya que la p\u00e9rdida de peso reduce los niveles de insulina y hormonas masculinas. La mejor manera de abordar esto es con un equipo que tenga las habilidades necesarias para el control del peso y la diabetes, incluido un endocrin\u00f3logo especialista (m\u00e9dico especialista en hormonas), un dietista experto que pueda brindar consejos sobre dietas y nutrici\u00f3n y, ocasionalmente, un psic\u00f3logo. Se ha demostrado que las mujeres con s\u00edndrome de ovario poliqu\u00edstico tienen un mayor riesgo de sufrir diabetes tipo 2, presi\u00f3n arterial alta, exceso de grasa en el h\u00edgado, apnea obstructiva del sue\u00f1o (una condici\u00f3n que consiste en episodios repetidos de contener la respiraci\u00f3n durante el sue\u00f1o) y posiblemente tambi\u00e9n enfermedades card\u00edacas. El riesgo metab\u00f3lico aumenta con el peso corporal pero tambi\u00e9n con la gravedad del exceso de andr\u00f3genos. El s\u00edndrome de ovario poliqu\u00edstico ahora se considera un trastorno metab\u00f3lico de por vida en lugar de una afecci\u00f3n que solo afecta a mujeres en edad reproductiva.\r\n\r\n<img decoding=\"async\" class=\"aligncenter size-full wp-image-5652\" src=\"https:\/\/www.pcosglobal.com\/wp-content\/uploads\/2023\/07\/lifes-journey.jpg\" alt=\"\" width=\"1566\" height=\"507\" srcset=\"https:\/\/www.pcosglobal.com\/wp-content\/uploads\/2023\/07\/lifes-journey.jpg 1566w, https:\/\/www.pcosglobal.com\/wp-content\/uploads\/2023\/07\/lifes-journey-300x97.jpg 300w, https:\/\/www.pcosglobal.com\/wp-content\/uploads\/2023\/07\/lifes-journey-1024x332.jpg 1024w, https:\/\/www.pcosglobal.com\/wp-content\/uploads\/2023\/07\/lifes-journey-768x249.jpg 768w, https:\/\/www.pcosglobal.com\/wp-content\/uploads\/2023\/07\/lifes-journey-1536x497.jpg 1536w, https:\/\/www.pcosglobal.com\/wp-content\/uploads\/2023\/07\/lifes-journey-18x6.jpg 18w, https:\/\/www.pcosglobal.com\/wp-content\/uploads\/2023\/07\/lifes-journey-600x194.jpg 600w, https:\/\/www.pcosglobal.com\/wp-content\/uploads\/2023\/07\/lifes-journey-560x181.jpg 560w\" sizes=\"(max-width: 1566px) 100vw, 1566px\" \/>\r\n\r\nLas mujeres con SOP tambi\u00e9n a menudo informan que se sienten bajo en energ\u00eda, sensaci\u00f3n de ansiedad y de depresi\u00f3n, y de haber un deterioro de la imagen corporal. Asesoramiento y otras terapias psicol\u00f3gicas pueden ayudar con estos s\u00edntomas.\r\n<h3>\u00bfCu\u00e1l es la causa del s\u00edndrome del ovario poliqu\u00edstico?<\/h3>\r\nEl s\u00edndrome de ovario poliqu\u00edstico a menudo es hereditario, lo que significa que la hija de una mujer con s\u00edndrome de ovario poliqu\u00edstico tiene un mayor riesgo de desarrollarlo. Sin embargo, el examen de la informaci\u00f3n gen\u00e9tica de mujeres con s\u00edndrome de ovario poliqu\u00edstico en varios estudios grandes no ha identificado un \u201cgen del SOP\u201d espec\u00edfico que se pueda analizar. Muchas mujeres con s\u00edndrome de ovario poliqu\u00edstico son resistentes a la acci\u00f3n de la hormona insulina, que regula el az\u00facar, en su cuerpo (\u201cresistencia a la insulina\u201d), y producen niveles m\u00e1s altos de insulina para superar esto. La resistencia a la insulina tambi\u00e9n est\u00e1 impulsada por la obesidad, pero tambi\u00e9n se encuentra regularmente en mujeres con s\u00edndrome de ovario poliqu\u00edstico, que tienen un peso corporal normal. Se ha demostrado que la resistencia a la insulina aumenta los niveles de hormonas masculinas y el exceso de andr\u00f3genos aumenta la resistencia a la insulina. Parece que el exceso de andr\u00f3genos y la resistencia a la insulina est\u00e1n vinculados en un &#034;c\u00edrculo vicioso&#034; para las personas con s\u00edndrome de ovario poliqu\u00edstico. Tanto la resistencia a la insulina como el aumento de los niveles de hormonas masculinas pueden aumentar el riesgo de desarrollar diabetes tipo 2. Actualmente, las investigaciones examinan c\u00f3mo se relacionan el exceso de andr\u00f3genos y la resistencia a la insulina. La evidencia inicial sugiere que tener uno aumenta la probabilidad de tener el otro, y que tratar cualquiera de ellos puede ayudar a tratar el otro. Se espera que comprender mejor c\u00f3mo se relacionan los andr\u00f3genos y la insulina en el s\u00edndrome de ovario poliqu\u00edstico ayude a identificar a las mujeres con s\u00edndrome de ovario poliqu\u00edstico que tienen mayor riesgo de desarrollar complicaciones metab\u00f3licas. Tambi\u00e9n esperamos que esta investigaci\u00f3n ayude a desarrollar nuevas terapias para el tratamiento del s\u00edndrome de ovario poliqu\u00edstico y la prevenci\u00f3n de sus complicaciones. Preg\u00fantenos sobre nuestra investigaci\u00f3n en curso sobre el s\u00edndrome de ovario poliqu\u00edstico. Las mujeres con s\u00edndrome de ovario poliqu\u00edstico y sus hijos tienen la oportunidad de participar en una serie de estudios de investigaci\u00f3n realizados aqu\u00ed en Birmingham.\r\n<h3>El SOP no es una pesadilla<\/h3>\r\nAhora sabemos que <strong>El SOP es un permanente desorden metab\u00f3lico y que las mujeres con SOP necesidad de atenci\u00f3n por parte de su m\u00e9dico de cabecera de toda la vida y no s\u00f3lo durante los a\u00f1os reproductivos<\/strong>. El establecimiento de conceptos de atenci\u00f3n para las mujeres con SOP muy probable que reducir su carga de la enfermedad y tambi\u00e9n para prevenir el desarrollo de complicaciones metab\u00f3licas. El SOP afecta a las mujeres de todos los or\u00edgenes \u00e9tnicos y mientras que la frecuencia del s\u00edndrome del ovario poliqu\u00edstico no ha sido examinado en todos los pa\u00edses, es cada vez m\u00e1s claro que <strong>las mujeres del Sur de Asia o de \u00c1frica de fondo pueden estar en mayor riesgo de s\u00edndrome de ovario poliqu\u00edstico<\/strong>. Esto es similar al conocido mayor riesgo de diabetes tipo 2 en personas de origen \u00e9tnico del sur de Asia. Se cree que esto se debe al hecho de que la gente de estas regiones tuvo que lidiar con la escasez de alimentos durante muchos siglos, lo que llev\u00f3 a la selecci\u00f3n de individuos que pueden sobrevivir con muy poca comida. El s\u00edndrome de ovario poliqu\u00edstico afecta a mujeres de todos los or\u00edgenes \u00e9tnicos y, aunque no se ha examinado la frecuencia del s\u00edndrome de ovario poliqu\u00edstico en todos los pa\u00edses, est\u00e1 cada vez m\u00e1s claro que las mujeres de origen sudasi\u00e1tico o africano pueden tener un mayor riesgo de padecer s\u00edndrome de ovario poliqu\u00edstico. Esto es similar al conocido mayor riesgo de diabetes tipo 2 en personas de origen \u00e9tnico del sur de Asia. Se cree que esto se debe al hecho de que la gente de estas regiones tuvo que lidiar con la escasez de alimentos durante muchos siglos, lo que llev\u00f3 a la selecci\u00f3n de individuos que pueden sobrevivir con muy poca comida. El s\u00edndrome de ovario poliqu\u00edstico afecta a mujeres de todos los or\u00edgenes \u00e9tnicos y, aunque no se ha examinado la frecuencia del s\u00edndrome de ovario poliqu\u00edstico en todos los pa\u00edses, est\u00e1 cada vez m\u00e1s claro que las mujeres de origen sudasi\u00e1tico o africano pueden tener un mayor riesgo de padecer s\u00edndrome de ovario poliqu\u00edstico. Esto es similar al conocido mayor riesgo de diabetes tipo 2 en personas de origen \u00e9tnico del sur de Asia. Se cree que esto se debe al hecho de que la gente de estas regiones tuvo que lidiar con la escasez de alimentos durante muchos siglos, lo que llev\u00f3 a la selecci\u00f3n de individuos que pueden sobrevivir con muy poca comida.\r\n\r\n&nbsp;\t\t\t\t\t\t\t\t<\/div>\n\t\t\t\t<\/div>\n\t\t\t\t<div class=\"elementor-element elementor-element-7fb45cb elementor-widget elementor-widget-ova_menu_page\" data-id=\"7fb45cb\" data-element_type=\"widget\" data-e-type=\"widget\" data-widget_type=\"ova_menu_page.default\">\n\t\t\t\t<div class=\"elementor-widget-container\">\n\t\t\t\t\t\t\t<div class=\"ova_menu_page type2\" data-position_active=\"\">\n\t\t\t<ul id=\"menu-patients\" class=\"menu\"><li id=\"menu-item-6315\" class=\"menu-item menu-item-type-post_type menu-item-object-page menu-item-6315\"><a href=\"https:\/\/www.pcosglobal.com\/es\/patients\/what-is-polycystic-ovary-syndrome-pcos\/\">\u00bfQU\u00c9 ES EL S\u00cdNDROME DE OVARIO POLIQU\u00cdSTICO (SOP)?<\/a><\/li>\n<li id=\"menu-item-6308\" class=\"menu-item menu-item-type-post_type menu-item-object-page menu-item-6308\"><a href=\"https:\/\/www.pcosglobal.com\/es\/patients\/diagnosis\/\">DIAGN\u00d3STICO<\/a><\/li>\n<li id=\"menu-item-6314\" class=\"menu-item menu-item-type-post_type menu-item-object-page menu-item-6314\"><a href=\"https:\/\/www.pcosglobal.com\/es\/patients\/pcos-symptoms\/\">S\u00cdNTOMAS DE SOP<\/a><\/li>\n<li id=\"menu-item-6312\" class=\"menu-item menu-item-type-post_type menu-item-object-page menu-item-6312\"><a href=\"https:\/\/www.pcosglobal.com\/es\/patients\/pcos-and-menstrual-problems\/\">SOP y problemas menstruales<\/a><\/li>\n<li id=\"menu-item-6313\" class=\"menu-item menu-item-type-post_type menu-item-object-page menu-item-6313\"><a href=\"https:\/\/www.pcosglobal.com\/es\/patients\/pcos-skin-problems\/\">SOP Y PROBLEMAS DE LA PIEL<\/a><\/li>\n<li id=\"menu-item-6310\" class=\"menu-item menu-item-type-post_type menu-item-object-page menu-item-6310\"><a href=\"https:\/\/www.pcosglobal.com\/es\/patients\/pcos-and-body-weight\/\">SOP y peso corporal<\/a><\/li>\n<li id=\"menu-item-6311\" class=\"menu-item menu-item-type-post_type menu-item-object-page menu-item-6311\"><a href=\"https:\/\/www.pcosglobal.com\/es\/patients\/pcos-and-fertility\/\">SOP y FERTILIDAD<\/a><\/li>\n<li id=\"menu-item-6309\" class=\"menu-item menu-item-type-post_type menu-item-object-page menu-item-6309\"><a href=\"https:\/\/www.pcosglobal.com\/es\/patients\/health-complications-and-associations\/\">COMPLICACIONES DE SALUD Y ASOCIACIONES<\/a><\/li>\n<\/ul>\t\t<\/div>\n\t\t\t\t\t\t<\/div>\n\t\t\t\t<\/div>\n\t\t\t\t\t<\/div>\n\t\t<\/div>\n\t\t\t\t\t<\/div>\n\t\t<\/section>\n\t\t\t\t<\/div>","protected":false},"excerpt":{"rendered":"<p>PCOS is a very common condition, affecting at least one out of every ten women worldwide. The name \u201cPCOS\u201d was coined by two doctors, Irving Stein and Michael Leventhal, in 1935. They examined a number of women, who complained about irregular menstrual bleeds, difficulties to get pregnant and increased body hair growth. Polycystic ovaries describe [&hellip;]<\/p>\n","protected":false},"author":1,"featured_media":0,"parent":5842,"menu_order":0,"comment_status":"closed","ping_status":"closed","template":"","meta":{"footnotes":""},"class_list":["post-5820","page","type-page","status-publish","hentry"],"_links":{"self":[{"href":"https:\/\/www.pcosglobal.com\/es\/wp-json\/wp\/v2\/pages\/5820","targetHints":{"allow":["GET"]}}],"collection":[{"href":"https:\/\/www.pcosglobal.com\/es\/wp-json\/wp\/v2\/pages"}],"about":[{"href":"https:\/\/www.pcosglobal.com\/es\/wp-json\/wp\/v2\/types\/page"}],"author":[{"embeddable":true,"href":"https:\/\/www.pcosglobal.com\/es\/wp-json\/wp\/v2\/users\/1"}],"replies":[{"embeddable":true,"href":"https:\/\/www.pcosglobal.com\/es\/wp-json\/wp\/v2\/comments?post=5820"}],"version-history":[{"count":14,"href":"https:\/\/www.pcosglobal.com\/es\/wp-json\/wp\/v2\/pages\/5820\/revisions"}],"predecessor-version":[{"id":6327,"href":"https:\/\/www.pcosglobal.com\/es\/wp-json\/wp\/v2\/pages\/5820\/revisions\/6327"}],"up":[{"embeddable":true,"href":"https:\/\/www.pcosglobal.com\/es\/wp-json\/wp\/v2\/pages\/5842"}],"wp:attachment":[{"href":"https:\/\/www.pcosglobal.com\/es\/wp-json\/wp\/v2\/media?parent=5820"}],"curies":[{"name":"wp","href":"https:\/\/api.w.org\/{rel}","templated":true}]}}