{"id":5818,"date":"2023-07-21T01:05:18","date_gmt":"2023-07-21T00:05:18","guid":{"rendered":"https:\/\/www.pcosglobal.com\/?page_id=5818"},"modified":"2023-10-25T20:56:44","modified_gmt":"2023-10-25T19:56:44","slug":"pcos-and-menstrual-problems","status":"publish","type":"page","link":"https:\/\/www.pcosglobal.com\/es\/patients\/pcos-and-menstrual-problems\/","title":{"rendered":"SOP y problemas menstruales"},"content":{"rendered":"<div data-elementor-type=\"wp-page\" data-elementor-id=\"5818\" class=\"elementor elementor-5818\">\n\t\t\t\t\t\t<section class=\"elementor-section elementor-top-section elementor-element elementor-element-27b224a5 elementor-section-boxed elementor-section-height-default elementor-section-height-default\" data-id=\"27b224a5\" data-element_type=\"section\" data-e-type=\"section\">\n\t\t\t\t\t\t<div class=\"elementor-container elementor-column-gap-default\">\n\t\t\t\t\t<div class=\"elementor-column elementor-col-100 elementor-top-column elementor-element elementor-element-5c257751\" data-id=\"5c257751\" data-element_type=\"column\" data-e-type=\"column\">\n\t\t\t<div class=\"elementor-widget-wrap elementor-element-populated\">\n\t\t\t\t\t\t<div class=\"elementor-element elementor-element-26d10ddf elementor-widget elementor-widget-text-editor\" data-id=\"26d10ddf\" data-element_type=\"widget\" data-e-type=\"widget\" data-widget_type=\"text-editor.default\">\n\t\t\t\t<div class=\"elementor-widget-container\">\n\t\t\t\t\t\t\t\t\t<h3>\u00bfQu\u00e9 sucede normalmente en el ciclo menstrual?<\/h3><p>El ciclo menstrual est\u00e1 regulado por una serie de hormonas. Algunas de estas hormonas (FSH y LH) son producidas por la gl\u00e1ndula maestra del cerebro llamada pituitaria y, en respuesta a estas hormonas, los ovarios producen estr\u00f3geno y progesterona. La producci\u00f3n de estas hormonas cada mes conduce a la formaci\u00f3n del revestimiento del \u00fatero (llamado endometrio) y a la liberaci\u00f3n de un \u00f3vulo del ovario (llamada ovulaci\u00f3n). El embarazo ocurre si el \u00f3vulo es fertilizado por un espermatozoide. Si el \u00f3vulo no es fertilizado, el revestimiento del \u00fatero se desprende y se produce un sangrado (lo que se denomina per\u00edodo). Luego el proceso comienza nuevamente para el mes siguiente.<\/p><p>Generalmente hay un delicado equilibrio en la producci\u00f3n de estas hormonas en cada ciclo menstrual, lo que resulta en un per\u00edodo mensual regular que ocurre aproximadamente cada 28 d\u00edas.<\/p><h3>\u00bfQu\u00e9 sucede con el ciclo menstrual en mujeres con SOP?<\/h3><p>Los trastornos hormonales son comunes en mujeres con s\u00edndrome de ovario poliqu\u00edstico, con niveles elevados de hormonas llamadas andr\u00f3genos. Esto hace que el ovario desarrolle muchos fol\u00edculos peque\u00f1os (sacos de l\u00edquido) que contienen \u00f3vulos en una etapa temprana de su desarrollo. Estos fol\u00edculos no logran desarrollarse de una manera que permita la liberaci\u00f3n de \u00f3vulos.<\/p><p>Debido a estos trastornos hormonales y a la falta de liberaci\u00f3n de \u00f3vulos, las mujeres suelen tener per\u00edodos menos frecuentes, incluso ning\u00fan per\u00edodo, aunque tambi\u00e9n pueden tener sangrados m\u00e1s frecuentes y abundantes. Esto puede suceder en ni\u00f1as\/mujeres poco despu\u00e9s de comenzar sus per\u00edodos, si es que comienzan, pero tambi\u00e9n puede ocurrir si aumentan de peso.<\/p><h3>\u00bfCu\u00e1les son las consecuencias de no tener per\u00edodos regulares?<\/h3><p>Si la liberaci\u00f3n de \u00f3vulos no se produce con regularidad y, por lo tanto, no hay sangrado regular, esto puede provocar que el revestimiento del \u00fatero se vuelva m\u00e1s grueso de lo habitual. Esto puede predisponer a la hiperplasia endometrial (un crecimiento excesivo del revestimiento del \u00fatero), que se cree que pone a las mujeres en mayor riesgo de c\u00e1ncer de endometrio en el futuro (la edad promedio para que se diagnostique este c\u00e1ncer es 60 a\u00f1os). Para minimizar este riesgo, una mujer debe tener al menos 4 sangrados menstruales por a\u00f1o para que el revestimiento del \u00fatero se mantenga sano.<\/p><p>Otra consecuencia de tener per\u00edodos poco frecuentes es que esto indica menores oportunidades de quedar embarazada, ya que los \u00f3vulos no maduran ni se liberan todos los meses de la forma normal. Hable con su m\u00e9dico si tiene dudas sobre quedar embarazada ahora o en el futuro.<\/p><h3>\u00bfQu\u00e9 pasar\u00e1 en la cl\u00ednica?<\/h3><p>Su m\u00e9dico le preguntar\u00e1 cu\u00e1ntos per\u00edodos tiene al a\u00f1o y c\u00f3mo son (\u00bfson dolorosos? \u00bfsiente sangrado abundante o leve? etc.). Su m\u00e9dico puede medir las hormonas en su sangre y organizar una ecograf\u00eda (idealmente una exploraci\u00f3n interna, si corresponde) para buscar fol\u00edculos en los ovarios y el revestimiento del \u00fatero.<\/p><p>Si sus per\u00edodos son menos de 4 veces al a\u00f1o o si pasan m\u00e1s de 3 meses entre per\u00edodos, se pueden usar ciertos medicamentos, como p\u00edldoras anticonceptivas y medicamentos que contienen progesterona, para mantener saludable el revestimiento del endometrio y hacer que sus per\u00edodos sean m\u00e1s predecibles o menos abundantes.<\/p><h3>\u00bfQu\u00e9 tratamientos est\u00e1n disponibles para ayudar con per\u00edodos ausentes o irregulares en mujeres con s\u00edndrome de ovario poliqu\u00edstico?<\/h3><p><strong>P\u00e9rdida de peso: <\/strong><\/p><p>La p\u00e9rdida de peso del 5 al 10 % puede ayudar a las mujeres con SOP a experimentar per\u00edodos m\u00e1s regulares y mejorar la fertilidad natural, lo que puede resultar tranquilizador para muchas mujeres con SOP que desean evitar el uso de opciones de tratamiento m\u00e9dico.<\/p><p><em>(ver folleto sobre SOP y peso corporal)<\/em><\/p><p><strong>P\u00edldora anticonceptiva oral combinada<\/strong>:<\/p><p>Contiene estr\u00f3geno y progesterona y es una opci\u00f3n para mujeres con s\u00edndrome de ovario poliqu\u00edstico y per\u00edodos irregulares, ya sea para proteger el revestimiento del endometrio o simplemente para hacer que sus per\u00edodos sean m\u00e1s predecibles o menos abundantes. Tambi\u00e9n tiene la ventaja de prevenir embarazos no deseados y puede ayudar con problemas de exceso de vello.<\/p><p><strong>\u00bfCu\u00e1les son los efectos secundarios?<\/strong><\/p><p>El principal riesgo de tomar la p\u00edldora anticonceptiva oral combinada es el riesgo de que se formen co\u00e1gulos de sangre en las venas de las piernas o en los pulmones.\u00a0 <strong>Este riesgo es mayor en personas mayores, con sobrepeso, fumadoras, diab\u00e9ticas o hipertensas y con antecedentes familiares de co\u00e1gulos. <\/strong>En la cl\u00ednica se encuentran disponibles folletos informativos sobre las formulaciones anticonceptivas orales com\u00fanmente recetadas. Los riesgos de co\u00e1gulos para cada preparaci\u00f3n se describen en estos documentos.<\/p><p>Es posible que las mujeres con subtipos particulares de migra\u00f1a no puedan padecerla. Los efectos secundarios comunes que puede experimentar pueden incluir n\u00e1useas, hinchaz\u00f3n, sensibilidad en los senos, dolores de cabeza, cambios de humor y, ocasionalmente, sangrado entre per\u00edodos. Estos pueden discutirse con su proveedor de atenci\u00f3n m\u00e9dica al considerar el tratamiento y se adaptar\u00e1n a sus propias necesidades.<\/p><h3>Preparaciones de progesterona:<\/h3><p>La hormona progesterona es producida naturalmente por el ovario despu\u00e9s de la liberaci\u00f3n del \u00f3vulo y prepara el revestimiento del \u00fatero para el embarazo; cuando esto no sucede y los niveles de progesterona bajan, se produce el per\u00edodo. Adem\u00e1s, la hormona progesterona mantiene el revestimiento del \u00fatero delgado y saludable. Pueden ser preferidos en mujeres con mayor riesgo de desarrollar los efectos secundarios de la p\u00edldora combinada mencionados anteriormente. Existen varias opciones para usar progesterona sola cuando los per\u00edodos son irregulares:<\/p><ul><li>Ciclos cortos de tabletas de progesterona, despu\u00e9s de los cuales tienes un sangrado, que mantienen la salud de tu endometrio, aunque este m\u00e9todo no evitar\u00e1 embarazos no deseados.<\/li><li>P\u00edldora anticonceptiva de s\u00f3lo progesterona que mantendr\u00eda el endometrio sano y evitar\u00eda embarazos no deseados.<\/li><li>Sistema intrauterino que administra progesterona, por ejemplo, la espiral Mirena, que libera una peque\u00f1a cantidad de progesterona directamente al endometrio y lo mantiene sano y previene embarazos no deseados.<\/li><li>La inyecci\u00f3n de dep\u00f3sito o el implante tambi\u00e9n introducen progesterona en el cuerpo y, por lo tanto, mantienen el endometrio sano y previenen embarazos no deseados.<\/li><\/ul><p><strong>\u00bfCu\u00e1les son los efectos secundarios?<\/strong><\/p><p>Algunos efectos secundarios que puede experimentar mientras toma la p\u00edldora de progesterona sola incluyen cambios en la piel, manchas, sensibilidad y agrandamiento de los senos, n\u00e1useas, dolores de cabeza y, ocasionalmente, cambios en su estado de \u00e1nimo.<\/p><p>Es importante discutir estos efectos secundarios con su proveedor de atenci\u00f3n m\u00e9dica cuando seleccione la p\u00edldora que m\u00e1s le convenga y tambi\u00e9n si desarrolla alguno de estos efectos secundarios durante el tratamiento.<\/p><p><strong>Metformina: <\/strong><\/p><p>La metformina es un medicamento que se usa com\u00fanmente para tratar la diabetes; sin embargo, tambi\u00e9n puede contribuir a que los per\u00edodos sean m\u00e1s regulares en mujeres con s\u00edndrome de ovario poliqu\u00edstico. La metformina tambi\u00e9n mejora la forma en que el cuerpo responde a la insulina y puede ayudar a mantener un peso corporal saludable, lo cual tambi\u00e9n es importante en el tratamiento general del s\u00edndrome de ovario poliqu\u00edstico.<\/p><p><strong>\u00bfCu\u00e1les son los efectos secundarios?<\/strong><\/p><p>La metformina generalmente se toma una o dos veces al d\u00eda y los principales efectos secundarios a tener en cuenta es que ocasionalmente puede causar n\u00e1useas, v\u00f3mitos y heces blandas. Es posible que su m\u00e9dico pueda minimizar estos efectos si comienza a tomar el medicamento con una dosis baja y la aumenta gradualmente. Debe tomarse con el desayuno o con el desayuno y la cena si se toma dos veces al d\u00eda. Tambi\u00e9n existen formulaciones de liberaci\u00f3n lenta que pueden estar asociadas con menos efectos secundarios gastrointestinales. Si est\u00e1 enfermo y no se encuentra bien, su m\u00e9dico puede suspender temporalmente este medicamento mientras se recupera de su enfermedad.<\/p><p>Tambi\u00e9n se utiliza en mujeres embarazadas para tratar la diabetes durante el embarazo y no necesariamente es necesario suspenderlo si queda embarazada mientras toma metformina.<\/p><p><em style=\"color: var( --e-global-color-text ); font-family: var( --e-global-typography-text-font-family ), Sans-serif; font-weight: var( --e-global-typography-text-font-weight ); letter-spacing: 0px;\">Este folleto informativo ha sido escrito en coautor\u00eda por:<br \/><\/em><em style=\"color: var( --e-global-color-text ); font-family: var( --e-global-typography-text-font-family ), Sans-serif; font-weight: var( --e-global-typography-text-font-weight ); letter-spacing: 0px;\">Dr. Michael O&#039;Reilly (Endocrin\u00f3logo consultor, Hospital Beaumont)<br \/><\/em><em style=\"color: var( --e-global-color-text ); font-family: var( --e-global-typography-text-font-family ), Sans-serif; font-weight: var( --e-global-typography-text-font-weight ); letter-spacing: 0px;\">Sra. Maureen Busby (CEO y fundadora del grupo de apoyo al paciente PCOS Vitality) <\/em><a style=\"font-family: var( --e-global-typography-text-font-family ), Sans-serif; font-weight: var( --e-global-typography-text-font-weight ); background-color: #ffffff; letter-spacing: 0px;\" href=\"https:\/\/www.pcosvitality.com\/what-is-pcos\"><em>https:\/\/www.pcosvitality.com\/what-is-pcos<\/em><\/a><em style=\"color: var( --e-global-color-text ); font-family: var( --e-global-typography-text-font-family ), Sans-serif; font-weight: var( --e-global-typography-text-font-weight ); letter-spacing: 0px;\">)<\/em><\/p>\t\t\t\t\t\t\t\t<\/div>\n\t\t\t\t<\/div>\n\t\t\t\t\t<\/div>\n\t\t<\/div>\n\t\t\t\t\t<\/div>\n\t\t<\/section>\n\t\t\t\t<section class=\"elementor-section elementor-top-section elementor-element elementor-element-a869129 elementor-section-boxed elementor-section-height-default elementor-section-height-default\" data-id=\"a869129\" data-element_type=\"section\" data-e-type=\"section\">\n\t\t\t\t\t\t<div class=\"elementor-container elementor-column-gap-default\">\n\t\t\t\t\t<div class=\"elementor-column elementor-col-100 elementor-top-column elementor-element elementor-element-b5058c4\" data-id=\"b5058c4\" data-element_type=\"column\" data-e-type=\"column\">\n\t\t\t<div class=\"elementor-widget-wrap elementor-element-populated\">\n\t\t\t\t\t\t<div class=\"elementor-element elementor-element-c561354 elementor-widget elementor-widget-ova_menu_page\" data-id=\"c561354\" data-element_type=\"widget\" data-e-type=\"widget\" data-widget_type=\"ova_menu_page.default\">\n\t\t\t\t<div class=\"elementor-widget-container\">\n\t\t\t\t\t\t\t<div class=\"ova_menu_page type2\" data-position_active=\"\">\n\t\t\t<ul id=\"menu-patients\" class=\"menu\"><li id=\"menu-item-6315\" class=\"menu-item menu-item-type-post_type menu-item-object-page menu-item-6315\"><a href=\"https:\/\/www.pcosglobal.com\/es\/patients\/what-is-polycystic-ovary-syndrome-pcos\/\">\u00bfQU\u00c9 ES EL S\u00cdNDROME DE OVARIO POLIQU\u00cdSTICO (SOP)?<\/a><\/li>\n<li id=\"menu-item-6308\" class=\"menu-item menu-item-type-post_type menu-item-object-page menu-item-6308\"><a href=\"https:\/\/www.pcosglobal.com\/es\/patients\/diagnosis\/\">DIAGN\u00d3STICO<\/a><\/li>\n<li id=\"menu-item-6314\" class=\"menu-item menu-item-type-post_type menu-item-object-page menu-item-6314\"><a href=\"https:\/\/www.pcosglobal.com\/es\/patients\/pcos-symptoms\/\">S\u00cdNTOMAS DE SOP<\/a><\/li>\n<li id=\"menu-item-6312\" class=\"menu-item menu-item-type-post_type menu-item-object-page menu-item-6312\"><a href=\"https:\/\/www.pcosglobal.com\/es\/patients\/pcos-and-menstrual-problems\/\">SOP y problemas menstruales<\/a><\/li>\n<li id=\"menu-item-6313\" class=\"menu-item menu-item-type-post_type menu-item-object-page menu-item-6313\"><a href=\"https:\/\/www.pcosglobal.com\/es\/patients\/pcos-skin-problems\/\">SOP Y PROBLEMAS DE LA PIEL<\/a><\/li>\n<li id=\"menu-item-6310\" class=\"menu-item menu-item-type-post_type menu-item-object-page menu-item-6310\"><a href=\"https:\/\/www.pcosglobal.com\/es\/patients\/pcos-and-body-weight\/\">SOP y peso corporal<\/a><\/li>\n<li id=\"menu-item-6311\" class=\"menu-item menu-item-type-post_type menu-item-object-page menu-item-6311\"><a href=\"https:\/\/www.pcosglobal.com\/es\/patients\/pcos-and-fertility\/\">SOP y FERTILIDAD<\/a><\/li>\n<li id=\"menu-item-6309\" class=\"menu-item menu-item-type-post_type menu-item-object-page menu-item-6309\"><a href=\"https:\/\/www.pcosglobal.com\/es\/patients\/health-complications-and-associations\/\">COMPLICACIONES DE SALUD Y ASOCIACIONES<\/a><\/li>\n<\/ul>\t\t<\/div>\n\t\t\t\t\t\t<\/div>\n\t\t\t\t<\/div>\n\t\t\t\t\t<\/div>\n\t\t<\/div>\n\t\t\t\t\t<\/div>\n\t\t<\/section>\n\t\t\t\t<\/div>","protected":false},"excerpt":{"rendered":"<p>What happens normally in the menstrual cycle? The menstrual cycle is regulated by a number of hormones. Some of these hormones (FSH and LH) are produced by the master gland in the brain called the pituitary and in response to these hormones the ovaries produce oestrogen and progesterone. The production of these hormones each month [&hellip;]<\/p>\n","protected":false},"author":1,"featured_media":0,"parent":5842,"menu_order":0,"comment_status":"closed","ping_status":"closed","template":"","meta":{"footnotes":""},"class_list":["post-5818","page","type-page","status-publish","hentry"],"_links":{"self":[{"href":"https:\/\/www.pcosglobal.com\/es\/wp-json\/wp\/v2\/pages\/5818","targetHints":{"allow":["GET"]}}],"collection":[{"href":"https:\/\/www.pcosglobal.com\/es\/wp-json\/wp\/v2\/pages"}],"about":[{"href":"https:\/\/www.pcosglobal.com\/es\/wp-json\/wp\/v2\/types\/page"}],"author":[{"embeddable":true,"href":"https:\/\/www.pcosglobal.com\/es\/wp-json\/wp\/v2\/users\/1"}],"replies":[{"embeddable":true,"href":"https:\/\/www.pcosglobal.com\/es\/wp-json\/wp\/v2\/comments?post=5818"}],"version-history":[{"count":15,"href":"https:\/\/www.pcosglobal.com\/es\/wp-json\/wp\/v2\/pages\/5818\/revisions"}],"predecessor-version":[{"id":6367,"href":"https:\/\/www.pcosglobal.com\/es\/wp-json\/wp\/v2\/pages\/5818\/revisions\/6367"}],"up":[{"embeddable":true,"href":"https:\/\/www.pcosglobal.com\/es\/wp-json\/wp\/v2\/pages\/5842"}],"wp:attachment":[{"href":"https:\/\/www.pcosglobal.com\/es\/wp-json\/wp\/v2\/media?parent=5818"}],"curies":[{"name":"wp","href":"https:\/\/api.w.org\/{rel}","templated":true}]}}